{"id":109,"date":"2019-02-25T11:00:18","date_gmt":"2019-02-25T10:00:18","guid":{"rendered":"http:\/\/clairepryet.fr\/?page_id=109"},"modified":"2019-03-18T14:59:37","modified_gmt":"2019-03-18T13:59:37","slug":"formation","status":"publish","type":"page","link":"https:\/\/clairepryet.fr\/?page_id=109","title":{"rendered":"Formation"},"content":{"rendered":"\n<div class=\"wp-block-cover has-background-dim-20 has-background-dim\" style=\"background-image:url(http:\/\/clairepryet.fr\/wp-content\/uploads\/2019\/02\/2011_vezelay_sept-CHH_.png)\"><p class=\"wp-block-cover-text\"> <br>La formation en patrimoine transmet les rudiments de la notion et l&#8217;histoire du patrimoine.   <\/p><\/div>\n\n\n\n<p class=\"has-drop-cap\">\u00c0 destination des \u00e9tudiants en histoire de l&#8217;art ou des personnes d\u00e9sireuses de cultiver leur culture g\u00e9n\u00e9rale  ; la formation en patrimoine transmet les rudiments de la notion et l&#8217;histoire du patrimoine.  <\/p>\n\n\n\n<p>Un cycle de s\u00e9ances permet d&#8217;approfondir qui sont\nles acteurs et les institutions actuelles qui fabriquent le\npatrimoine en \u00e9voquant les services publics et le droit qui\nl&#8217;encadrent en France. Plus largement, il ouvre \u00e0 l&#8217;\u00e9tude de\nl&#8217;Homme, \u00e0 la construction et \u00e0 l&#8217;entretien des monuments qui\ncontiennent la m\u00e9moire de notre communaut\u00e9.<\/p>\n\n\n\n<p>L&#8217;accent est mis sur l&#8217;apprentissage du regard et\nla formulation des id\u00e9es. Les le\u00e7ons sur le &#8220;terrain&#8221; et\nface aux \u0153uvres sont privil\u00e9gi\u00e9es.<\/p>\n","protected":false},"excerpt":{"rendered":"<p>\u00c0 destination des \u00e9tudiants en histoire de l&#8217;art ou des personnes d\u00e9sireuses de cultiver leur culture g\u00e9n\u00e9rale ; la formation en patrimoine transmet les rudiments de la notion et l&#8217;histoire du patrimoine. Un cycle de s\u00e9ances permet d&#8217;approfondir qui sont les acteurs et les institutions &hellip; <a href=\"https:\/\/clairepryet.fr\/?page_id=109\" class=\"more-link\"><span>continuer \u00e0 lire<span class=\"screen-reader-text\">Formation<\/span><\/span><\/a><\/p>\n","protected":false},"author":1,"featured_media":0,"parent":35,"menu_order":3,"comment_status":"closed","ping_status":"closed","template":"","meta":[],"_links":{"self":[{"href":"https:\/\/clairepryet.fr\/index.php?rest_route=\/wp\/v2\/pages\/109"}],"collection":[{"href":"https:\/\/clairepryet.fr\/index.php?rest_route=\/wp\/v2\/pages"}],"about":[{"href":"https:\/\/clairepryet.fr\/index.php?rest_route=\/wp\/v2\/types\/page"}],"author":[{"embeddable":true,"href":"https:\/\/clairepryet.fr\/index.php?rest_route=\/wp\/v2\/users\/1"}],"replies":[{"embeddable":true,"href":"https:\/\/clairepryet.fr\/index.php?rest_route=%2Fwp%2Fv2%2Fcomments&post=109"}],"version-history":[{"count":8,"href":"https:\/\/clairepryet.fr\/index.php?rest_route=\/wp\/v2\/pages\/109\/revisions"}],"predecessor-version":[{"id":354,"href":"https:\/\/clairepryet.fr\/index.php?rest_route=\/wp\/v2\/pages\/109\/revisions\/354"}],"up":[{"embeddable":true,"href":"https:\/\/clairepryet.fr\/index.php?rest_route=\/wp\/v2\/pages\/35"}],"wp:attachment":[{"href":"https:\/\/clairepryet.fr\/index.php?rest_route=%2Fwp%2Fv2%2Fmedia&parent=109"}],"curies":[{"name":"wp","href":"https:\/\/api.w.org\/{rel}","templated":true}]}}