{"id":24,"date":"2019-02-22T16:28:50","date_gmt":"2019-02-22T15:28:50","guid":{"rendered":"http:\/\/clairepryet.fr\/?page_id=24"},"modified":"2022-09-15T22:22:12","modified_gmt":"2022-09-15T20:22:12","slug":"contact","status":"publish","type":"page","link":"https:\/\/clairepryet.fr\/?page_id=24","title":{"rendered":"Contact"},"content":{"rendered":"\n<div class=\"wp-block-cover has-background-dim\"><img loading=\"lazy\" width=\"1600\" height=\"1200\" class=\"wp-block-cover__image-background wp-image-80\" alt=\"\" src=\"http:\/\/clairepryet.fr\/wp-content\/uploads\/2019\/02\/2010_Bath.jpg\" data-object-fit=\"cover\" srcset=\"https:\/\/clairepryet.fr\/wp-content\/uploads\/2019\/02\/2010_Bath.jpg 1600w, https:\/\/clairepryet.fr\/wp-content\/uploads\/2019\/02\/2010_Bath-300x225.jpg 300w, https:\/\/clairepryet.fr\/wp-content\/uploads\/2019\/02\/2010_Bath-768x576.jpg 768w, https:\/\/clairepryet.fr\/wp-content\/uploads\/2019\/02\/2010_Bath-1024x768.jpg 1024w\" sizes=\"(max-width: 1600px) 100vw, 1600px\" \/><div class=\"wp-block-cover__inner-container\">\n<p class=\"has-text-align-center has-large-font-size\"> <br>Une question ? Une demande ? <\/p>\n<\/div><\/div>\n\n\n\n<div style=\"height:100px\" aria-hidden=\"true\" class=\"wp-block-spacer\"><\/div>\n\n\n\n<p>Mes coordonn\u00e9es sont actuellement indisponibles (je mets en \u0153uvre une solution pour ne pas \u00eatre spamm\u00e9e !). Dans cet intervalle, je vous invite \u00e0 utiliser le r\u00e9seau social linkedin pour me contacter.<br>Je vous remercie de votre compr\u00e9hension ! \u00c0 bient\u00f4t, Claire<\/p>\n\n\n\n<p><a href=\"https:\/\/www.linkedin.com\/in\/clairepryet\/\">https:\/\/www.linkedin.com\/in\/clairepryet\/<\/a><\/p>\n\n\n\n<div style=\"height:100px\" aria-hidden=\"true\" class=\"wp-block-spacer\"><\/div>\n\n\n\n<div class=\"wp-block-columns\">\n<div class=\"wp-block-column\" style=\"flex-basis:100%\">\n<div class=\"wp-block-group alignwide\"><div class=\"wp-block-group__inner-container\">\n<div class=\"wp-block-media-text alignwide is-stacked-on-mobile\" style=\"grid-template-columns:29% auto\"><figure class=\"wp-block-media-text__media\"><img loading=\"lazy\" width=\"1024\" height=\"683\" src=\"http:\/\/clairepryet.fr\/wp-content\/uploads\/2019\/04\/190319_62-1024x683.jpg\" alt=\"\" class=\"wp-image-534 size-full\" srcset=\"https:\/\/clairepryet.fr\/wp-content\/uploads\/2019\/04\/190319_62-1024x683.jpg 1024w, https:\/\/clairepryet.fr\/wp-content\/uploads\/2019\/04\/190319_62-300x200.jpg 300w, https:\/\/clairepryet.fr\/wp-content\/uploads\/2019\/04\/190319_62-768x512.jpg 768w\" sizes=\"(max-width: 1024px) 100vw, 1024px\" \/><\/figure><div class=\"wp-block-media-text__content\">\n<p style=\"font-size:20px\"><em>&#8220;Appelez ou \u00e9crivez sans h\u00e9siter !<\/em><br><em>Je vous r\u00e9ponds dans les meilleurs d\u00e9lais.&#8221;<\/em> <\/p>\n\n\n\n<p style=\"font-size:20px\">Claire<\/p>\n<\/div><\/div>\n<\/div><\/div>\n<\/div>\n<\/div>\n","protected":false},"excerpt":{"rendered":"<p>Mes coordonn\u00e9es sont actuellement indisponibles (je mets en \u0153uvre une solution pour ne pas \u00eatre spamm\u00e9e !). Dans cet intervalle, je vous invite \u00e0 utiliser le r\u00e9seau social linkedin pour me contacter.Je vous remercie de votre compr\u00e9hension ! \u00c0 bient\u00f4t, Claire https:\/\/www.linkedin.com\/in\/clairepryet\/ &#8220;Appelez ou \u00e9crivez &hellip; <a href=\"https:\/\/clairepryet.fr\/?page_id=24\" class=\"more-link\"><span>continuer \u00e0 lire<span class=\"screen-reader-text\">Contact<\/span><\/span><\/a><\/p>\n","protected":false},"author":1,"featured_media":0,"parent":0,"menu_order":0,"comment_status":"closed","ping_status":"closed","template":"","meta":[],"_links":{"self":[{"href":"https:\/\/clairepryet.fr\/index.php?rest_route=\/wp\/v2\/pages\/24"}],"collection":[{"href":"https:\/\/clairepryet.fr\/index.php?rest_route=\/wp\/v2\/pages"}],"about":[{"href":"https:\/\/clairepryet.fr\/index.php?rest_route=\/wp\/v2\/types\/page"}],"author":[{"embeddable":true,"href":"https:\/\/clairepryet.fr\/index.php?rest_route=\/wp\/v2\/users\/1"}],"replies":[{"embeddable":true,"href":"https:\/\/clairepryet.fr\/index.php?rest_route=%2Fwp%2Fv2%2Fcomments&post=24"}],"version-history":[{"count":32,"href":"https:\/\/clairepryet.fr\/index.php?rest_route=\/wp\/v2\/pages\/24\/revisions"}],"predecessor-version":[{"id":661,"href":"https:\/\/clairepryet.fr\/index.php?rest_route=\/wp\/v2\/pages\/24\/revisions\/661"}],"wp:attachment":[{"href":"https:\/\/clairepryet.fr\/index.php?rest_route=%2Fwp%2Fv2%2Fmedia&parent=24"}],"curies":[{"name":"wp","href":"https:\/\/api.w.org\/{rel}","templated":true}]}}