{"id":358,"date":"2019-03-11T15:15:08","date_gmt":"2019-03-11T14:15:08","guid":{"rendered":"http:\/\/clairepryet.fr\/?page_id=358"},"modified":"2019-03-11T15:54:17","modified_gmt":"2019-03-11T14:54:17","slug":"politique-de-confidentialite-2","status":"publish","type":"page","link":"https:\/\/clairepryet.fr\/?page_id=358","title":{"rendered":"Politique de confidentialit\u00e9"},"content":{"rendered":"\n<h4>Qui suis-je ?<\/h4>\n\n\n\n<p>Historienne de l&#8217;architecture, j&#8217;ai cr\u00e9\u00e9 une entreprise de charg\u00e9e d&#8217;\u00e9tude pour le patrimoine architectural et paysager.<br>L\u2019adresse de mon site Web est  http:\/\/clairepryet.fr. <br>Le site Web est destin\u00e9 \u00e0 informer sur l&#8217;offre de service de mon entreprise, sur le m\u00e9tier de charg\u00e9e d&#8217;\u00e9tude et \u00e0 me contacter. <br><\/p>\n\n\n\n<h4>Donn\u00e9es personnelles collect\u00e9es<\/h4>\n\n\n\n<p>Les seules informations personnelles collect\u00e9es sur le site sont celles dans le formulaire de la page &#8220;contact&#8221;.<\/p>\n\n\n\n<h4>Utilisation et transmission de vos donn\u00e9es personnelles<\/h4>\n\n\n\n<p>Si vous avez utilis\u00e9 le formulaire de contact (voir page &#8220;contact&#8221;), vous pouvez demander \u00e0 recevoir un fichier contenant toutes les donn\u00e9es personnelles que m&#8217;avez fournies, soit votre nom, pr\u00e9nom, adresse courriel et le message associ\u00e9. Vous pouvez \u00e9galement demander la suppression des donn\u00e9es personnelles vous concernant. Je vous invite \u00e0 utiliser le formulaire de contact pour faire votre demande.<\/p>\n\n\n\n<p>Les donn\u00e9es personnelles collect\u00e9es via le formulaire de contact sont conserv\u00e9es sans limite dans le temps.<br>Elles me servent \u00e0 prendre contact avec vous dans le cadre de mon activit\u00e9 et \u00e0 des fins strictement professionnelles ; par exemple pour traiter d&#8217;une affaire \u00e0 venir ou en cours ou pour vous donner des nouvelles de mon activit\u00e9.<br>Les donn\u00e9es personnelles que vous m&#8217;avez fournies peuvent me servir \u00e0 vous adresser des informations commerciales personnalis\u00e9es (de type lettre d&#8217;information), vous pourrez \u00e0 tout moment choisir de vos d\u00e9sabonner des listes de diffusion (proc\u00e9dure sur le courriel re\u00e7u).<\/p>\n","protected":false},"excerpt":{"rendered":"<p>Qui suis-je ? Historienne de l&#8217;architecture, j&#8217;ai cr\u00e9\u00e9 une entreprise de charg\u00e9e d&#8217;\u00e9tude pour le patrimoine architectural et paysager.L\u2019adresse de mon site Web est http:\/\/clairepryet.fr. Le site Web est destin\u00e9 \u00e0 informer sur l&#8217;offre de service de mon entreprise, sur le m\u00e9tier de charg\u00e9e d&#8217;\u00e9tude &hellip; <a href=\"https:\/\/clairepryet.fr\/?page_id=358\" class=\"more-link\"><span>continuer \u00e0 lire<span class=\"screen-reader-text\">Politique de confidentialit\u00e9<\/span><\/span><\/a><\/p>\n","protected":false},"author":1,"featured_media":0,"parent":0,"menu_order":0,"comment_status":"closed","ping_status":"closed","template":"","meta":[],"_links":{"self":[{"href":"https:\/\/clairepryet.fr\/index.php?rest_route=\/wp\/v2\/pages\/358"}],"collection":[{"href":"https:\/\/clairepryet.fr\/index.php?rest_route=\/wp\/v2\/pages"}],"about":[{"href":"https:\/\/clairepryet.fr\/index.php?rest_route=\/wp\/v2\/types\/page"}],"author":[{"embeddable":true,"href":"https:\/\/clairepryet.fr\/index.php?rest_route=\/wp\/v2\/users\/1"}],"replies":[{"embeddable":true,"href":"https:\/\/clairepryet.fr\/index.php?rest_route=%2Fwp%2Fv2%2Fcomments&post=358"}],"version-history":[{"count":9,"href":"https:\/\/clairepryet.fr\/index.php?rest_route=\/wp\/v2\/pages\/358\/revisions"}],"predecessor-version":[{"id":379,"href":"https:\/\/clairepryet.fr\/index.php?rest_route=\/wp\/v2\/pages\/358\/revisions\/379"}],"wp:attachment":[{"href":"https:\/\/clairepryet.fr\/index.php?rest_route=%2Fwp%2Fv2%2Fmedia&parent=358"}],"curies":[{"name":"wp","href":"https:\/\/api.w.org\/{rel}","templated":true}]}}